{"id":596,"date":"2018-10-16T04:32:00","date_gmt":"2018-10-16T04:32:00","guid":{"rendered":"http:\/\/ivy-school.thimpress.com\/?page_id=2"},"modified":"2026-02-10T18:02:41","modified_gmt":"2026-02-10T17:02:41","slug":"preise","status":"publish","type":"page","link":"https:\/\/nabi-wuppertal.de\/index.php\/preise\/","title":{"rendered":"Preise"},"content":{"rendered":"\t\t<div data-elementor-type=\"wp-page\" data-elementor-id=\"596\" class=\"elementor elementor-596\" data-elementor-post-type=\"page\">\n\t\t\t\t\t\t<section class=\"elementor-section elementor-top-section elementor-element elementor-element-71b9be33 elementor-section-full_width elementor-section-stretched elementor-section-height-default elementor-section-height-default\" data-id=\"71b9be33\" data-element_type=\"section\" data-e-type=\"section\" data-settings=\"{&quot;stretch_section&quot;:&quot;section-stretched&quot;}\">\n\t\t\t\t\t\t<div class=\"elementor-container elementor-column-gap-default\">\n\t\t\t\t\t<div class=\"elementor-column elementor-col-100 elementor-top-column elementor-element elementor-element-28f8d062\" data-id=\"28f8d062\" data-element_type=\"column\" data-e-type=\"column\">\n\t\t\t<div class=\"elementor-widget-wrap elementor-element-populated\">\n\t\t\t\t\t\t<section class=\"elementor-section elementor-inner-section elementor-element elementor-element-60ead9e elementor-section-boxed elementor-section-height-default elementor-section-height-default\" data-id=\"60ead9e\" data-element_type=\"section\" data-e-type=\"section\">\n\t\t\t\t\t\t<div class=\"elementor-container elementor-column-gap-default\">\n\t\t\t\t\t<div class=\"elementor-column elementor-col-50 elementor-inner-column elementor-element elementor-element-dd20eec\" data-id=\"dd20eec\" data-element_type=\"column\" data-e-type=\"column\">\n\t\t\t<div class=\"elementor-widget-wrap elementor-element-populated\">\n\t\t\t\t\t\t<div class=\"elementor-element elementor-element-7dd0dcf9 elementor-widget__width-initial elementor-widget elementor-widget-text-editor\" data-id=\"7dd0dcf9\" data-element_type=\"widget\" data-e-type=\"widget\" data-widget_type=\"text-editor.default\">\n\t\t\t\t<div class=\"elementor-widget-container\">\n\t\t\t\t\t\t\t\t\t<p style=\"text-align: justify;\">Liebe Leserinnen und Leser, Wir danken Ihnen f\u00fcr Ihr Interesse an unseren Nachhilfedienstleistungen. Es ist unser Anliegen, Sch\u00fclerinnen und Sch\u00fclern durch eine individuelle und leistungsorientierte Betreuung zu bestm\u00f6glichen und nachhaltigen Lernerfolgen zu verhelfen. Aus diesem Grund passen wir unsere Preise entsprechend der Intensit\u00e4t und Umfang der Betreuung an. Sie k\u00f6nnen zudem frei w\u00e4hlen zwischen Laufzeiten von 1, 3, 6, &amp; 12 Monaten.<\/p><p style=\"text-align: justify;\">Unser p\u00e4dagogischer Ansatz beruht darauf, in enger Zusammenarbeit mit den Sch\u00fclern und ihren Eltern den individuellen Bedarf zu ermitteln. Hierbei stehen wir f\u00fcr ein pers\u00f6nliches Gespr\u00e4ch zur Verf\u00fcgung, in dem wir gemeinsam die Anforderungen sowie die damit verbundenen Kosten transparent besprechen. Durch diese ma\u00dfgeschneiderte Herangehensweise gew\u00e4hrleisten wir eine optimale Betreuung, die genau auf die Bed\u00fcrfnisse und Ziele des einzelnen Sch\u00fclers abgestimmt ist.\u00a0<\/p>\t\t\t\t\t\t\t\t<\/div>\n\t\t\t\t<\/div>\n\t\t\t\t\t<\/div>\n\t\t<\/div>\n\t\t\t\t<div class=\"elementor-column elementor-col-50 elementor-inner-column elementor-element elementor-element-31227e4\" data-id=\"31227e4\" data-element_type=\"column\" data-e-type=\"column\">\n\t\t\t<div class=\"elementor-widget-wrap elementor-element-populated\">\n\t\t\t\t\t\t<div class=\"elementor-element elementor-element-6a3c737 elementor-widget__width-initial elementor-widget elementor-widget-image\" data-id=\"6a3c737\" data-element_type=\"widget\" data-e-type=\"widget\" data-widget_type=\"image.default\">\n\t\t\t\t<div class=\"elementor-widget-container\">\n\t\t\t\t\t\t\t\t\t\t\t\t\t\t\t<img fetchpriority=\"high\" decoding=\"async\" width=\"640\" height=\"427\" src=\"https:\/\/nabi-wuppertal.de\/wp-content\/uploads\/2024\/05\/DSC098401-768x512.jpg\" class=\"attachment-medium_large size-medium_large wp-image-4552\" alt=\"Preise\" srcset=\"https:\/\/nabi-wuppertal.de\/wp-content\/uploads\/2024\/05\/DSC098401-768x512.jpg 768w, https:\/\/nabi-wuppertal.de\/wp-content\/uploads\/2024\/05\/DSC098401-300x200.jpg 300w, https:\/\/nabi-wuppertal.de\/wp-content\/uploads\/2024\/05\/DSC098401-1024x683.jpg 1024w, https:\/\/nabi-wuppertal.de\/wp-content\/uploads\/2024\/05\/DSC098401-1536x1024.jpg 1536w, https:\/\/nabi-wuppertal.de\/wp-content\/uploads\/2024\/05\/DSC098401-2048x1365.jpg 2048w\" sizes=\"(max-width: 640px) 100vw, 640px\" \/>\t\t\t\t\t\t\t\t\t\t\t\t\t\t\t<\/div>\n\t\t\t\t<\/div>\n\t\t\t\t\t<\/div>\n\t\t<\/div>\n\t\t\t\t\t<\/div>\n\t\t<\/section>\n\t\t\t\t<section class=\"elementor-section elementor-inner-section elementor-element elementor-element-d5a0968 elementor-section-boxed elementor-section-height-default elementor-section-height-default\" data-id=\"d5a0968\" data-element_type=\"section\" data-e-type=\"section\">\n\t\t\t\t\t\t<div class=\"elementor-container elementor-column-gap-default\">\n\t\t\t\t\t<div class=\"elementor-column elementor-col-100 elementor-inner-column elementor-element elementor-element-7125954\" data-id=\"7125954\" data-element_type=\"column\" data-e-type=\"column\">\n\t\t\t<div class=\"elementor-widget-wrap elementor-element-populated\">\n\t\t\t\t\t\t<div class=\"elementor-element elementor-element-51660b2 elementor-widget elementor-widget-text-editor\" data-id=\"51660b2\" data-element_type=\"widget\" data-e-type=\"widget\" data-widget_type=\"text-editor.default\">\n\t\t\t\t<div class=\"elementor-widget-container\">\n\t\t\t\t\t\t\t\t\t<p style=\"text-align: justify;\">Des Weiteren m\u00f6chten wir betonen, dass wir eine transparente Geb\u00fchrenstruktur pflegen und keine Anmeldegeb\u00fchren erheben. Wir sind fest davon \u00fcberzeugt, dass Bildung f\u00fcr jeden zug\u00e4nglich sein sollte und administrative H\u00fcrden keine Rolle spielen sollten. Dar\u00fcber hinaus ist es uns ein Anliegen, darauf hinzuweisen, dass Zusch\u00fcsse f\u00fcr Nachhilfeleistungen \u00fcber das Bildungs- und Teilhabepaket m\u00f6glich sind. Sprechen Sie uns hierzu gerne an, wir unterst\u00fctzen Sie bei der Antragsstellung und stehen f\u00fcr Fragen und Anregungen zur Verf\u00fcgung.<\/p><p style=\"text-align: justify;\">F\u00fcr weitere Informationen und die Vereinbarung eines pers\u00f6nlichen Gespr\u00e4chs stehen wir Ihnen gerne zur Verf\u00fcgung. Wir freuen uns darauf, gemeinsam mit Ihnen den optimalen Weg zur F\u00f6rderung Ihres Kindes zu finden.<\/p>\t\t\t\t\t\t\t\t<\/div>\n\t\t\t\t<\/div>\n\t\t\t\t\t<\/div>\n\t\t<\/div>\n\t\t\t\t\t<\/div>\n\t\t<\/section>\n\t\t\t\t\t<\/div>\n\t\t<\/div>\n\t\t\t\t\t<\/div>\n\t\t<\/section>\n\t\t\t\t<section class=\"elementor-section elementor-top-section elementor-element elementor-element-c4ef3a0 elementor-section-boxed elementor-section-height-default elementor-section-height-default\" data-id=\"c4ef3a0\" data-element_type=\"section\" data-e-type=\"section\">\n\t\t\t\t\t\t<div class=\"elementor-container elementor-column-gap-default\">\n\t\t\t\t\t<div class=\"elementor-column elementor-col-100 elementor-top-column elementor-element elementor-element-b7fbf64\" data-id=\"b7fbf64\" data-element_type=\"column\" data-e-type=\"column\">\n\t\t\t<div class=\"elementor-widget-wrap elementor-element-populated\">\n\t\t\t\t\t\t<div class=\"elementor-element elementor-element-44eb026 elementor-widget elementor-widget-heading\" data-id=\"44eb026\" data-element_type=\"widget\" data-e-type=\"widget\" data-widget_type=\"heading.default\">\n\t\t\t\t<div class=\"elementor-widget-container\">\n\t\t\t\t\t<h3 class=\"elementor-heading-title elementor-size-default\">Zeugnisausgabe NRW 2026<\/h3>\t\t\t\t<\/div>\n\t\t\t\t<\/div>\n\t\t\t\t<div class=\"elementor-element elementor-element-28d14ee elementor-countdown--label-block elementor-widget elementor-widget-countdown\" data-id=\"28d14ee\" data-element_type=\"widget\" data-e-type=\"widget\" data-widget_type=\"countdown.default\">\n\t\t\t\t<div class=\"elementor-widget-container\">\n\t\t\t\t\t\t\t<div class=\"elementor-countdown-wrapper\" data-date=\"1784322000\">\n\t\t\t<div class=\"elementor-countdown-item\"><span class=\"elementor-countdown-digits elementor-countdown-days\"><\/span> <span class=\"elementor-countdown-label\">Tage<\/span><\/div><div class=\"elementor-countdown-item\"><span class=\"elementor-countdown-digits elementor-countdown-hours\"><\/span> <span class=\"elementor-countdown-label\">Stunden<\/span><\/div><div class=\"elementor-countdown-item\"><span class=\"elementor-countdown-digits elementor-countdown-minutes\"><\/span> <span class=\"elementor-countdown-label\">Minuten<\/span><\/div><div class=\"elementor-countdown-item\"><span class=\"elementor-countdown-digits elementor-countdown-seconds\"><\/span> <span class=\"elementor-countdown-label\">Sekunden<\/span><\/div>\t\t<\/div>\n\t\t\t\t\t\t<\/div>\n\t\t\t\t<\/div>\n\t\t\t\t\t<\/div>\n\t\t<\/div>\n\t\t\t\t\t<\/div>\n\t\t<\/section>\n\t\t\t\t<\/div>\n\t\t","protected":false},"excerpt":{"rendered":"<p>Liebe Leserinnen und Leser, Wir danken Ihnen f\u00fcr Ihr Interesse an unseren Nachhilfedienstleistungen. Es ist unser Anliegen, Sch\u00fclerinnen und Sch\u00fclern&#8230;<\/p>\n","protected":false},"author":1,"featured_media":0,"parent":0,"menu_order":0,"comment_status":"closed","ping_status":"open","template":"","meta":{"footnotes":""},"class_list":["post-596","page","type-page","status-publish","hentry"],"yoast_head":"<!-- This site is optimized with the Yoast SEO plugin v27.1.1 - https:\/\/yoast.com\/product\/yoast-seo-wordpress\/ -->\n<title>Preise - Nachhilfe und Bildungsinstitut Wuppertal e.V.<\/title>\n<meta name=\"robots\" content=\"index, follow, max-snippet:-1, max-image-preview:large, max-video-preview:-1\" \/>\n<link rel=\"canonical\" href=\"https:\/\/nabi-wuppertal.de\/index.php\/preise\/\" \/>\n<meta property=\"og:locale\" content=\"de_DE\" \/>\n<meta property=\"og:type\" content=\"article\" \/>\n<meta property=\"og:title\" content=\"Preise - Nachhilfe und Bildungsinstitut Wuppertal e.V.\" \/>\n<meta property=\"og:description\" content=\"Liebe Leserinnen und Leser, Wir danken Ihnen f\u00fcr Ihr Interesse an unseren Nachhilfedienstleistungen. Es ist unser Anliegen, Sch\u00fclerinnen und Sch\u00fclern...\" \/>\n<meta property=\"og:url\" content=\"https:\/\/nabi-wuppertal.de\/index.php\/preise\/\" \/>\n<meta property=\"og:site_name\" content=\"Nachhilfe und Bildungsinstitut Wuppertal e.V.\" \/>\n<meta property=\"article:publisher\" content=\"https:\/\/www.facebook.com\/nabi.wuppertal\" \/>\n<meta property=\"article:modified_time\" content=\"2026-02-10T17:02:41+00:00\" \/>\n<meta property=\"og:image\" content=\"https:\/\/nabi-wuppertal.de\/wp-content\/uploads\/2024\/05\/DSC098401-scaled.jpg\" \/>\n\t<meta property=\"og:image:width\" content=\"2560\" \/>\n\t<meta property=\"og:image:height\" content=\"1707\" \/>\n\t<meta property=\"og:image:type\" content=\"image\/jpeg\" \/>\n<meta name=\"twitter:card\" content=\"summary_large_image\" \/>\n<meta name=\"twitter:label1\" content=\"Gesch\u00e4tzte Lesezeit\" \/>\n\t<meta name=\"twitter:data1\" content=\"1\u00a0Minute\" \/>\n<script type=\"application\/ld+json\" class=\"yoast-schema-graph\">{\"@context\":\"https:\/\/schema.org\",\"@graph\":[{\"@type\":\"WebPage\",\"@id\":\"https:\/\/nabi-wuppertal.de\/index.php\/preise\/\",\"url\":\"https:\/\/nabi-wuppertal.de\/index.php\/preise\/\",\"name\":\"Preise - Nachhilfe und Bildungsinstitut Wuppertal e.V.\",\"isPartOf\":{\"@id\":\"https:\/\/nabi-wuppertal.de\/#website\"},\"primaryImageOfPage\":{\"@id\":\"https:\/\/nabi-wuppertal.de\/index.php\/preise\/#primaryimage\"},\"image\":{\"@id\":\"https:\/\/nabi-wuppertal.de\/index.php\/preise\/#primaryimage\"},\"thumbnailUrl\":\"https:\/\/nabi-wuppertal.de\/wp-content\/uploads\/2024\/05\/DSC098401-768x512.jpg\",\"datePublished\":\"2018-10-16T04:32:00+00:00\",\"dateModified\":\"2026-02-10T17:02:41+00:00\",\"breadcrumb\":{\"@id\":\"https:\/\/nabi-wuppertal.de\/index.php\/preise\/#breadcrumb\"},\"inLanguage\":\"de\",\"potentialAction\":[{\"@type\":\"ReadAction\",\"target\":[\"https:\/\/nabi-wuppertal.de\/index.php\/preise\/\"]}]},{\"@type\":\"ImageObject\",\"inLanguage\":\"de\",\"@id\":\"https:\/\/nabi-wuppertal.de\/index.php\/preise\/#primaryimage\",\"url\":\"https:\/\/nabi-wuppertal.de\/wp-content\/uploads\/2024\/05\/DSC098401-scaled.jpg\",\"contentUrl\":\"https:\/\/nabi-wuppertal.de\/wp-content\/uploads\/2024\/05\/DSC098401-scaled.jpg\",\"width\":2560,\"height\":1707,\"caption\":\"Preise\"},{\"@type\":\"BreadcrumbList\",\"@id\":\"https:\/\/nabi-wuppertal.de\/index.php\/preise\/#breadcrumb\",\"itemListElement\":[{\"@type\":\"ListItem\",\"position\":1,\"name\":\"Startseite\",\"item\":\"https:\/\/nabi-wuppertal.de\/\"},{\"@type\":\"ListItem\",\"position\":2,\"name\":\"Preise\"}]},{\"@type\":\"WebSite\",\"@id\":\"https:\/\/nabi-wuppertal.de\/#website\",\"url\":\"https:\/\/nabi-wuppertal.de\/\",\"name\":\"Nachhilfe und Bildungsinstitut Wuppertal e.V.\",\"description\":\"\",\"publisher\":{\"@id\":\"https:\/\/nabi-wuppertal.de\/#organization\"},\"potentialAction\":[{\"@type\":\"SearchAction\",\"target\":{\"@type\":\"EntryPoint\",\"urlTemplate\":\"https:\/\/nabi-wuppertal.de\/?s={search_term_string}\"},\"query-input\":{\"@type\":\"PropertyValueSpecification\",\"valueRequired\":true,\"valueName\":\"search_term_string\"}}],\"inLanguage\":\"de\"},{\"@type\":\"Organization\",\"@id\":\"https:\/\/nabi-wuppertal.de\/#organization\",\"name\":\"Nachhilfe und Bildungsinstitut Wuppertal e.V.\",\"url\":\"https:\/\/nabi-wuppertal.de\/\",\"logo\":{\"@type\":\"ImageObject\",\"inLanguage\":\"de\",\"@id\":\"https:\/\/nabi-wuppertal.de\/#\/schema\/logo\/image\/\",\"url\":\"https:\/\/nabi-wuppertal.de\/wp-content\/uploads\/2021\/03\/logo@2x.png\",\"contentUrl\":\"https:\/\/nabi-wuppertal.de\/wp-content\/uploads\/2021\/03\/logo@2x.png\",\"width\":400,\"height\":150,\"caption\":\"Nachhilfe und Bildungsinstitut Wuppertal e.V.\"},\"image\":{\"@id\":\"https:\/\/nabi-wuppertal.de\/#\/schema\/logo\/image\/\"},\"sameAs\":[\"https:\/\/www.facebook.com\/nabi.wuppertal\",\"https:\/\/instagram.com\/nabi.wuppertal\"]}]}<\/script>\n<!-- \/ Yoast SEO plugin. -->","yoast_head_json":{"title":"Preise - Nachhilfe und Bildungsinstitut Wuppertal e.V.","robots":{"index":"index","follow":"follow","max-snippet":"max-snippet:-1","max-image-preview":"max-image-preview:large","max-video-preview":"max-video-preview:-1"},"canonical":"https:\/\/nabi-wuppertal.de\/index.php\/preise\/","og_locale":"de_DE","og_type":"article","og_title":"Preise - Nachhilfe und Bildungsinstitut Wuppertal e.V.","og_description":"Liebe Leserinnen und Leser, Wir danken Ihnen f\u00fcr Ihr Interesse an unseren Nachhilfedienstleistungen. Es ist unser Anliegen, Sch\u00fclerinnen und Sch\u00fclern...","og_url":"https:\/\/nabi-wuppertal.de\/index.php\/preise\/","og_site_name":"Nachhilfe und Bildungsinstitut Wuppertal e.V.","article_publisher":"https:\/\/www.facebook.com\/nabi.wuppertal","article_modified_time":"2026-02-10T17:02:41+00:00","og_image":[{"width":2560,"height":1707,"url":"https:\/\/nabi-wuppertal.de\/wp-content\/uploads\/2024\/05\/DSC098401-scaled.jpg","type":"image\/jpeg"}],"twitter_card":"summary_large_image","twitter_misc":{"Gesch\u00e4tzte Lesezeit":"1\u00a0Minute"},"schema":{"@context":"https:\/\/schema.org","@graph":[{"@type":"WebPage","@id":"https:\/\/nabi-wuppertal.de\/index.php\/preise\/","url":"https:\/\/nabi-wuppertal.de\/index.php\/preise\/","name":"Preise - Nachhilfe und Bildungsinstitut Wuppertal e.V.","isPartOf":{"@id":"https:\/\/nabi-wuppertal.de\/#website"},"primaryImageOfPage":{"@id":"https:\/\/nabi-wuppertal.de\/index.php\/preise\/#primaryimage"},"image":{"@id":"https:\/\/nabi-wuppertal.de\/index.php\/preise\/#primaryimage"},"thumbnailUrl":"https:\/\/nabi-wuppertal.de\/wp-content\/uploads\/2024\/05\/DSC098401-768x512.jpg","datePublished":"2018-10-16T04:32:00+00:00","dateModified":"2026-02-10T17:02:41+00:00","breadcrumb":{"@id":"https:\/\/nabi-wuppertal.de\/index.php\/preise\/#breadcrumb"},"inLanguage":"de","potentialAction":[{"@type":"ReadAction","target":["https:\/\/nabi-wuppertal.de\/index.php\/preise\/"]}]},{"@type":"ImageObject","inLanguage":"de","@id":"https:\/\/nabi-wuppertal.de\/index.php\/preise\/#primaryimage","url":"https:\/\/nabi-wuppertal.de\/wp-content\/uploads\/2024\/05\/DSC098401-scaled.jpg","contentUrl":"https:\/\/nabi-wuppertal.de\/wp-content\/uploads\/2024\/05\/DSC098401-scaled.jpg","width":2560,"height":1707,"caption":"Preise"},{"@type":"BreadcrumbList","@id":"https:\/\/nabi-wuppertal.de\/index.php\/preise\/#breadcrumb","itemListElement":[{"@type":"ListItem","position":1,"name":"Startseite","item":"https:\/\/nabi-wuppertal.de\/"},{"@type":"ListItem","position":2,"name":"Preise"}]},{"@type":"WebSite","@id":"https:\/\/nabi-wuppertal.de\/#website","url":"https:\/\/nabi-wuppertal.de\/","name":"Nachhilfe und Bildungsinstitut Wuppertal e.V.","description":"","publisher":{"@id":"https:\/\/nabi-wuppertal.de\/#organization"},"potentialAction":[{"@type":"SearchAction","target":{"@type":"EntryPoint","urlTemplate":"https:\/\/nabi-wuppertal.de\/?s={search_term_string}"},"query-input":{"@type":"PropertyValueSpecification","valueRequired":true,"valueName":"search_term_string"}}],"inLanguage":"de"},{"@type":"Organization","@id":"https:\/\/nabi-wuppertal.de\/#organization","name":"Nachhilfe und Bildungsinstitut Wuppertal e.V.","url":"https:\/\/nabi-wuppertal.de\/","logo":{"@type":"ImageObject","inLanguage":"de","@id":"https:\/\/nabi-wuppertal.de\/#\/schema\/logo\/image\/","url":"https:\/\/nabi-wuppertal.de\/wp-content\/uploads\/2021\/03\/logo@2x.png","contentUrl":"https:\/\/nabi-wuppertal.de\/wp-content\/uploads\/2021\/03\/logo@2x.png","width":400,"height":150,"caption":"Nachhilfe und Bildungsinstitut Wuppertal e.V."},"image":{"@id":"https:\/\/nabi-wuppertal.de\/#\/schema\/logo\/image\/"},"sameAs":["https:\/\/www.facebook.com\/nabi.wuppertal","https:\/\/instagram.com\/nabi.wuppertal"]}]}},"_links":{"self":[{"href":"https:\/\/nabi-wuppertal.de\/index.php\/wp-json\/wp\/v2\/pages\/596","targetHints":{"allow":["GET"]}}],"collection":[{"href":"https:\/\/nabi-wuppertal.de\/index.php\/wp-json\/wp\/v2\/pages"}],"about":[{"href":"https:\/\/nabi-wuppertal.de\/index.php\/wp-json\/wp\/v2\/types\/page"}],"author":[{"embeddable":true,"href":"https:\/\/nabi-wuppertal.de\/index.php\/wp-json\/wp\/v2\/users\/1"}],"replies":[{"embeddable":true,"href":"https:\/\/nabi-wuppertal.de\/index.php\/wp-json\/wp\/v2\/comments?post=596"}],"version-history":[{"count":0,"href":"https:\/\/nabi-wuppertal.de\/index.php\/wp-json\/wp\/v2\/pages\/596\/revisions"}],"wp:attachment":[{"href":"https:\/\/nabi-wuppertal.de\/index.php\/wp-json\/wp\/v2\/media?parent=596"}],"curies":[{"name":"wp","href":"https:\/\/api.w.org\/{rel}","templated":true}]}}